{"id":60,"date":"2024-12-09T22:29:20","date_gmt":"2024-12-09T22:29:20","guid":{"rendered":"https:\/\/verjasnuevomileniopr.com\/?page_id=60"},"modified":"2025-10-08T20:00:31","modified_gmt":"2025-10-08T20:00:31","slug":"contacto","status":"publish","type":"page","link":"https:\/\/verjasnuevomileniopr.com\/en\/contacto\/","title":{"rendered":"Contact"},"content":{"rendered":"<div data-elementor-type=\"wp-page\" data-elementor-id=\"60\" class=\"elementor elementor-60\" data-elementor-settings=\"{&quot;ha_cmc_init_switcher&quot;:&quot;no&quot;}\">\n\t\t\t\t<div class=\"elementor-element elementor-element-230cb23 e-flex e-con-boxed e-con e-parent\" data-id=\"230cb23\" data-element_type=\"container\" data-e-type=\"container\" data-settings=\"{&quot;background_background&quot;:&quot;classic&quot;,&quot;_ha_eqh_enable&quot;:false}\">\n\t\t\t\t\t<div class=\"e-con-inner\">\n\t\t\t\t<div class=\"elementor-element elementor-element-a12e6f3 elementor-widget elementor-widget-elementskit-heading\" data-id=\"a12e6f3\" data-element_type=\"widget\" data-e-type=\"widget\" data-widget_type=\"elementskit-heading.default\">\n\t\t\t\t<div class=\"elementor-widget-container\">\n\t\t\t\t\t<div class=\"ekit-wid-con\" ><div class=\"ekit-heading elementskit-section-title-wraper text_left   ekit_heading_tablet-   ekit_heading_mobile-text_center\"><h1 class=\"ekit-heading--title elementskit-section-title\">Contact<\/h1><div class=\"ekit_heading_separetor_wraper ekit_heading_elementskit-border-star\"><div class=\"elementskit-border-star\"><\/div><\/div><\/div><\/div>\t\t\t\t<\/div>\n\t\t\t\t<\/div>\n\t\t\t\t\t<\/div>\n\t\t\t\t<\/div>\n\t\t<div class=\"elementor-element elementor-element-33e0ca7 e-flex e-con-boxed e-con e-parent\" data-id=\"33e0ca7\" data-element_type=\"container\" data-e-type=\"container\" data-settings=\"{&quot;background_background&quot;:&quot;classic&quot;,&quot;_ha_eqh_enable&quot;:false}\">\n\t\t\t\t\t<div class=\"e-con-inner\">\n\t\t<div class=\"elementor-element elementor-element-917082c e-con-full e-flex e-con e-child\" data-id=\"917082c\" data-element_type=\"container\" data-e-type=\"container\" data-settings=\"{&quot;_ha_eqh_enable&quot;:false}\">\n\t\t\t\t<div class=\"elementor-element elementor-element-f656a52 elementor-widget elementor-widget-spacer\" data-id=\"f656a52\" data-element_type=\"widget\" data-e-type=\"widget\" data-widget_type=\"spacer.default\">\n\t\t\t\t<div class=\"elementor-widget-container\">\n\t\t\t\t\t\t\t<div class=\"elementor-spacer\">\n\t\t\t<div class=\"elementor-spacer-inner\"><\/div>\n\t\t<\/div>\n\t\t\t\t\t\t<\/div>\n\t\t\t\t<\/div>\n\t\t\t\t<div class=\"elementor-element elementor-element-16978a9 animated-slow elementor-invisible elementor-widget elementor-widget-elementskit-heading\" data-id=\"16978a9\" data-element_type=\"widget\" data-e-type=\"widget\" data-settings=\"{&quot;_animation&quot;:&quot;fadeIn&quot;,&quot;_animation_delay&quot;:300}\" data-widget_type=\"elementskit-heading.default\">\n\t\t\t\t<div class=\"elementor-widget-container\">\n\t\t\t\t\t<div class=\"ekit-wid-con\" ><div class=\"ekit-heading elementskit-section-title-wraper text_left   ekit_heading_tablet-   ekit_heading_mobile-text_center\"><h2 class=\"ekit-heading--title elementskit-section-title\">Contact us for professional fencing<\/h2><div class=\"ekit_heading_separetor_wraper ekit_heading_elementskit-border-star elementskit-bullet\"><div class=\"elementskit-border-star elementskit-bullet\"><\/div><\/div>\t\t\t\t<div class='ekit-heading__description'>\n\t\t\t\t\t<p>We offer a range of styles and designs to suit all fencing needs. All our fences meet the highest security and quality standards to ensure your peace of mind.<br \/>Call us today! Our friendly professionals are available to discuss your next fencing project.<\/p>\n\t\t\t\t<\/div>\n\t\t\t<\/div><\/div>\t\t\t\t<\/div>\n\t\t\t\t<\/div>\n\t\t\t\t<div class=\"elementor-element elementor-element-ef3aea0 premium-type-column elementor-widget elementor-widget-premium-icon-list\" data-id=\"ef3aea0\" data-element_type=\"widget\" data-e-type=\"widget\" data-settings=\"{&quot;rbadges_repeater&quot;:[]}\" data-widget_type=\"premium-icon-list.default\">\n\t\t\t\t<div class=\"elementor-widget-container\">\n\t\t\t\t\t\t\t\t<ul class=\"premium-bullet-list-box\">\n\t\t\t\t\n\t\t\t\t\t\t\t<li class=\"premium-bullet-list-content elementor-repeater-item-5e8281a\">\n\t\t\t\t\t\t\t\t<div class=\"premium-bullet-list-text\">\n\t\t\t\t\t\t\t\t\t\t\t\t\t\t\t\t\t\t\t<div class=\"premium-bullet-list-wrapper\">\n\t\t\t\t\t\t\t\t\t\t\t<div class=\"premium-drawable-icon\"><i class=\"premium-svg-nodraw huge huge-telephone\" aria-hidden=\"true\"><\/i><\/div>\t\t\t\t\t\t\t\t\t\t\t<\/div>\n\t\t\t\t\t\t\t\t\t\n\t\t\t\t\t\t\t\t\t<div class=\"premium-bullet-list-text-wrapper\">\n\t\t\t\t\t\t\t\t\t\t<span class=\"premium-bullet-text\" data-text=\"+1-787-269-0439\"> +1-787-269-0439 <\/span>\t\t\t\t\t\t\t\t\t\t\t\t\t\t\t\t\t\t\t<\/div>\n\t\t\t\t\t\t\t\t<\/div>\n\n\t\t\t\t\t\t\t\t\n\t\t\t\t\t\t\t\t\t\t\t\t\t\t\t\t\t<a class=\"premium-bullet-list-link\" aria-label=\"+1-787-269-0439\" href=\"tel:+1-787-269-0439\">\n\t\t\t\t\t\t\t\t\t\t<span>+1-787-269-0439<\/span>\n\t\t\t\t\t\t\t\t\t<\/a>\n\t\t\t\t\t\t\t\t\n\t\t\t\t\t\t\t<\/li>\n\n\t\t\t\t\t\t\t\n\t\t\t\t\t\t\t<li class=\"premium-bullet-list-content elementor-repeater-item-5b3630e\">\n\t\t\t\t\t\t\t\t<div class=\"premium-bullet-list-text\">\n\t\t\t\t\t\t\t\t\t\t\t\t\t\t\t\t\t\t\t<div class=\"premium-bullet-list-wrapper\">\n\t\t\t\t\t\t\t\t\t\t\t<div class=\"premium-drawable-icon\"><i class=\"premium-svg-nodraw huge huge-mail-01\" aria-hidden=\"true\"><\/i><\/div>\t\t\t\t\t\t\t\t\t\t\t<\/div>\n\t\t\t\t\t\t\t\t\t\n\t\t\t\t\t\t\t\t\t<div class=\"premium-bullet-list-text-wrapper\">\n\t\t\t\t\t\t\t\t\t\t<span class=\"premium-bullet-text\" data-text=\"verjasnm@yahoo.com\"> verjasnm@yahoo.com <\/span>\t\t\t\t\t\t\t\t\t\t\t\t\t\t\t\t\t\t\t<\/div>\n\t\t\t\t\t\t\t\t<\/div>\n\n\t\t\t\t\t\t\t\t\n\t\t\t\t\t\t\t\t\t\t\t\t\t\t\t\t\t<a class=\"premium-bullet-list-link\" aria-label=\"verjasnm@yahoo.com\" href=\"mailto:verjasnm@yahoo.com\">\n\t\t\t\t\t\t\t\t\t\t<span>verjasnm@yahoo.com<\/span>\n\t\t\t\t\t\t\t\t\t<\/a>\n\t\t\t\t\t\t\t\t\n\t\t\t\t\t\t\t<\/li>\n\n\t\t\t\t\t\t\t\n\t\t\t\t\t\t\t<li class=\"premium-bullet-list-content elementor-repeater-item-71048c7\">\n\t\t\t\t\t\t\t\t<div class=\"premium-bullet-list-text\">\n\t\t\t\t\t\t\t\t\t\t\t\t\t\t\t\t\t\t\t<div class=\"premium-bullet-list-wrapper\">\n\t\t\t\t\t\t\t\t\t\t\t<div class=\"premium-drawable-icon\"><i class=\"premium-svg-nodraw huge huge-maps-location-01\" aria-hidden=\"true\"><\/i><\/div>\t\t\t\t\t\t\t\t\t\t\t<\/div>\n\t\t\t\t\t\t\t\t\t\n\t\t\t\t\t\t\t\t\t<div class=\"premium-bullet-list-text-wrapper\">\n\t\t\t\t\t\t\t\t\t\t<span class=\"premium-bullet-text\" data-text=\"Ave. Santa Juanita Final Sector La Guava PMB 203. Calle 39 UU-1 Bayam\u00f3n, 00956\"> Ave. Santa Juanita Final Sector La Guava PMB 203. Calle 39 UU-1 Bayam\u00f3n, 00956 <\/span>\t\t\t\t\t\t\t\t\t\t\t\t\t\t\t\t\t\t\t<\/div>\n\t\t\t\t\t\t\t\t<\/div>\n\n\t\t\t\t\t\t\t\t\n\t\t\t\t\t\t\t\t\t\t\t\t\t\t\t\t\t<a class=\"premium-bullet-list-link\" aria-label=\"Ave. Santa Juanita Final Sector La Guava PMB 203. Calle 39 UU-1 Bayam\u00f3n, 00956\" href=\"https:\/\/maps.app.goo.gl\/8gXWMht3GaaeJVen6\" target=\"_blank\">\n\t\t\t\t\t\t\t\t\t\t<span>Ave. Santa Juanita Final Sector La Guava PMB 203. Calle 39 UU-1 Bayam\u00f3n, 00956<\/span>\n\t\t\t\t\t\t\t\t\t<\/a>\n\t\t\t\t\t\t\t\t\n\t\t\t\t\t\t\t<\/li>\n\n\t\t\t\t\t\t\t\t\t\t<\/ul>\n\t\t\t\t\t\t<\/div>\n\t\t\t\t<\/div>\n\t\t\t\t<\/div>\n\t\t<div class=\"elementor-element elementor-element-44cf81c e-con-full e-flex e-con e-child\" data-id=\"44cf81c\" data-element_type=\"container\" data-e-type=\"container\" data-settings=\"{&quot;background_background&quot;:&quot;classic&quot;,&quot;_ha_eqh_enable&quot;:false}\">\n\t\t\t\t<div class=\"elementor-element elementor-element-b2c1278 elementor-widget elementor-widget-ha-wpform happy-addon ha-wpform\" data-id=\"b2c1278\" data-element_type=\"widget\" data-e-type=\"widget\" data-widget_type=\"ha-wpform.default\">\n\t\t\t\t<div class=\"elementor-widget-container\">\n\t\t\t\t\t<style id=\"wpforms-css-vars-286\">\n\t\t\t\t#wpforms-286 {\n\t\t\t\t\n\t\t\t}\n\t\t\t<\/style><div class=\"wpforms-container wpforms-container-full wpforms-render-modern\" id=\"wpforms-286\"><form id=\"wpforms-form-286\" class=\"wpforms-validate wpforms-form wpforms-ajax-form\" data-formid=\"286\" method=\"post\" enctype=\"multipart\/form-data\" action=\"\/en\/wp-json\/wp\/v2\/pages\/60\" data-token=\"aafc0c85e0d2aab9387b5dd79965eb9f\" data-token-time=\"1776961871\" data-trp-original-action=\"\/en\/wp-json\/wp\/v2\/pages\/60\"><noscript class=\"wpforms-error-noscript\">Please enable JavaScript in your browser to complete this form.<\/noscript><div id=\"wpforms-error-noscript\" style=\"display: none;\">Please enable JavaScript in your browser to complete this form.<\/div><div class=\"wpforms-field-container\"><div id=\"wpforms-286-field_5-container\" class=\"wpforms-field wpforms-field-layout\" data-field-id=\"5\"><div class=\"wpforms-field-layout-rows wpforms-field-large\"><div class=\"wpforms-layout-row\"><div class=\"wpforms-layout-column wpforms-layout-column-50\"><div id=\"wpforms-286-field_1-container\" class=\"wpforms-field wpforms-field-name\" data-field-id=\"1\"><label class=\"wpforms-field-label wpforms-label-hide\" for=\"wpforms-286-field_1\" aria-hidden=\"false\">Name <span class=\"wpforms-required-label\" aria-hidden=\"true\">*<\/span><\/label><input type=\"text\" id=\"wpforms-286-field_1\" class=\"wpforms-field-large wpforms-field-required\" name=\"wpforms[fields][1]\" placeholder=\"Name\" aria-errormessage=\"wpforms-286-field_1-error\" required><\/div><\/div><div class=\"wpforms-layout-column wpforms-layout-column-50\"><div id=\"wpforms-286-field_2-container\" class=\"wpforms-field wpforms-field-phone\" data-field-id=\"2\"><label class=\"wpforms-field-label wpforms-label-hide\" for=\"wpforms-286-field_2\" aria-hidden=\"false\">Phone <span class=\"wpforms-required-label\" aria-hidden=\"true\">*<\/span><\/label><input type=\"tel\" id=\"wpforms-286-field_2\" class=\"wpforms-field-large wpforms-field-required\" data-rule-int-phone-field=\"true\" name=\"wpforms[fields][2]\" placeholder=\"Phone\" aria-label=\"Phone\" aria-errormessage=\"wpforms-286-field_2-error\" required><\/div><\/div><\/div><\/div><\/div><div id=\"wpforms-286-field_3-container\" class=\"wpforms-field wpforms-field-email\" data-field-id=\"3\"><label class=\"wpforms-field-label wpforms-label-hide\" for=\"wpforms-286-field_3\" aria-hidden=\"false\">Email <span class=\"wpforms-required-label\" aria-hidden=\"true\">*<\/span><\/label><input type=\"email\" id=\"wpforms-286-field_3\" class=\"wpforms-field-large wpforms-field-required\" name=\"wpforms[fields][3]\" placeholder=\"Email\" spellcheck=\"false\" aria-errormessage=\"wpforms-286-field_3-error\" required><\/div><div id=\"wpforms-286-field_6-container\" class=\"wpforms-field wpforms-field-select wpforms-field-select-style-classic\" data-field-id=\"6\"><label class=\"wpforms-field-label wpforms-label-hide\" for=\"wpforms-286-field_6\" aria-hidden=\"false\">Services<\/label><select id=\"wpforms-286-field_6\" class=\"wpforms-field-large\" name=\"wpforms[fields][6]\"><option value=\"\" class=\"placeholder\" disabled selected='selected'>Services<\/option><option value=\"Grama Fence\"  class=\"choice-1 depth-1\"  >Grama Fence<\/option><option value=\"Cyclon Fence\"  class=\"choice-2 depth-1\"  >Cyclon Fence<\/option><option value=\"PVC\"  class=\"choice-3 depth-1\"  >PVC<\/option><option value=\"WPC\"  class=\"choice-4 depth-1\"  >WPC<\/option><option value=\"Otros\"  class=\"choice-5 depth-1\"  >Otros<\/option><\/select><\/div>\t\t<div id=\"wpforms-286-field_7-container\"\n\t\t\tclass=\"wpforms-field wpforms-field-text\"\n\t\t\tdata-field-type=\"text\"\n\t\t\tdata-field-id=\"7\"\n\t\t\t>\n\t\t\t<label class=\"wpforms-field-label\" for=\"wpforms-286-field_7\" >o Mensaje Email<\/label>\n\t\t\t<input type=\"text\" id=\"wpforms-286-field_7\" class=\"wpforms-field-medium\" name=\"wpforms[fields][7]\" >\n\t\t<\/div>\n\t\t<div id=\"wpforms-286-field_4-container\" class=\"wpforms-field wpforms-field-textarea\" data-field-id=\"4\"><label class=\"wpforms-field-label wpforms-label-hide\" for=\"wpforms-286-field_4\" aria-hidden=\"false\">Message or comment <span class=\"wpforms-required-label\" aria-hidden=\"true\">*<\/span><\/label><textarea id=\"wpforms-286-field_4\" class=\"wpforms-field-medium wpforms-field-required\" name=\"wpforms[fields][4]\" placeholder=\"Message or comment\" aria-errormessage=\"wpforms-286-field_4-error\" required><\/textarea><\/div><script>\n\t\t\t\t( function() {\n\t\t\t\t\tconst style = document.createElement( 'style' );\n\t\t\t\t\tstyle.appendChild( document.createTextNode( '#wpforms-286-field_7-container { position: absolute !important; overflow: hidden !important; display: inline !important; height: 1px !important; width: 1px !important; z-index: -1000 !important; padding: 0 !important; } #wpforms-286-field_7-container input { visibility: hidden; } #wpforms-conversational-form-page #wpforms-286-field_7-container label { counter-increment: none; }' ) );\n\t\t\t\t\tdocument.head.appendChild( style );\n\t\t\t\t\tdocument.currentScript?.remove();\n\t\t\t\t} )();\n\t\t\t<\/script><\/div><!-- .wpforms-field-container --><div class=\"wpforms-recaptcha-container wpforms-is-recaptcha wpforms-is-recaptcha-type-v3\" ><input type=\"hidden\" name=\"wpforms[recaptcha]\" value=\"\"><\/div><div class=\"wpforms-submit-container\" ><input type=\"hidden\" name=\"wpforms[id]\" value=\"286\"><input type=\"hidden\" name=\"page_title\" value=\"\"><input type=\"hidden\" name=\"page_url\" value=\"https:\/\/verjasnuevomileniopr.com\/en\/wp-json\/wp\/v2\/pages\/60\"><input type=\"hidden\" name=\"url_referer\" value=\"\"><button type=\"submit\" name=\"wpforms[submit]\" id=\"wpforms-submit-286\" class=\"wpforms-submit\" data-alt-text=\"Enviando...\" data-submit-text=\"Enviar\" aria-live=\"assertive\" value=\"wpforms-submit\">Enviar<\/button><img decoding=\"async\" src=\"https:\/\/verjasnuevomileniopr.com\/wp-content\/plugins\/wpforms\/assets\/images\/submit-spin.svg\" class=\"wpforms-submit-spinner\" style=\"display: none;\" width=\"26\" height=\"26\" alt=\"Loading\"><\/div><input type=\"hidden\" name=\"trp-form-language\" value=\"en\"\/><\/form><\/div>  <!-- .wpforms-container -->\t\t\t\t<\/div>\n\t\t\t\t<\/div>\n\t\t\t\t<\/div>\n\t\t\t\t\t<\/div>\n\t\t\t\t<\/div>\n\t\t<div class=\"elementor-element elementor-element-75080e4 e-con-full e-flex e-con e-parent\" data-id=\"75080e4\" data-element_type=\"container\" data-e-type=\"container\" data-settings=\"{&quot;_ha_eqh_enable&quot;:false}\">\n\t\t\t\t<div class=\"elementor-element elementor-element-cfd0106 elementor-widget elementor-widget-google_maps\" data-id=\"cfd0106\" data-element_type=\"widget\" data-e-type=\"widget\" data-widget_type=\"google_maps.default\">\n\t\t\t\t<div class=\"elementor-widget-container\">\n\t\t\t\t\t\t\t<div class=\"elementor-custom-embed\">\n\t\t\t<iframe loading=\"lazy\"\n\t\t\t\t\tsrc=\"https:\/\/maps.google.com\/maps?q=Verjas%20Nuevo%20Milenio&#038;t=m&#038;z=12&#038;output=embed&#038;iwloc=near\"\n\t\t\t\t\ttitle=\"Verjas Nuevo Milenio\"\n\t\t\t\t\taria-label=\"Verjas Nuevo Milenio\"\n\t\t\t><\/iframe>\n\t\t<\/div>\n\t\t\t\t\t\t<\/div>\n\t\t\t\t<\/div>\n\t\t\t\t<\/div>\n\t\t\t\t<\/div>","protected":false},"excerpt":{"rendered":"<p>Contacto Cont\u00e1ctenos para Verjas profesionales Ofrecemos una gama de estilos y dise\u00f1os que se adaptan a todas las necesidades de cercado. Todas nuestras verjas cumplen con los m\u00e1s altos est\u00e1ndares de seguridad y calidad para garantizar su tranquilidad.\u00a1Ll\u00e1menos hoy! Nuestros amables profesionales est\u00e1n disponibles para hablar sobre su pr\u00f3ximo proyecto de cercado. +1-787-269-0439 +1-787-269-0439 verjasnm@yahoo.com [&hellip;]<\/p>","protected":false},"author":1,"featured_media":83,"parent":0,"menu_order":0,"comment_status":"closed","ping_status":"closed","template":"elementor_header_footer","meta":{"footnotes":""},"class_list":["post-60","page","type-page","status-publish","has-post-thumbnail","hentry"],"yoast_head":"<!-- This site is optimized with the Yoast SEO plugin v27.4 - https:\/\/yoast.com\/product\/yoast-seo-wordpress\/ -->\n<title>Contacto | Verjas Nuevo Milenio | Puerto Rico<\/title>\n<meta name=\"description\" content=\"Verjas Nuevo Milenio, Inc. es una empresa de cercas dedicada al dise\u00f1o e instalaci\u00f3n de cercas y productos relacionados\" \/>\n<meta name=\"robots\" content=\"index, follow, max-snippet:-1, max-image-preview:large, max-video-preview:-1\" \/>\n<link rel=\"canonical\" href=\"https:\/\/verjasnuevomileniopr.com\/en\/contacto\/\" \/>\n<meta property=\"og:locale\" content=\"en_US\" \/>\n<meta property=\"og:type\" content=\"article\" \/>\n<meta property=\"og:title\" content=\"Contacto | Verjas Nuevo Milenio | Puerto Rico\" \/>\n<meta property=\"og:description\" content=\"Verjas Nuevo Milenio, Inc. es una empresa de cercas dedicada al dise\u00f1o e instalaci\u00f3n de cercas y productos relacionados\" \/>\n<meta property=\"og:url\" content=\"https:\/\/verjasnuevomileniopr.com\/en\/contacto\/\" \/>\n<meta property=\"og:site_name\" content=\"Verjas Nuevo Milenio\" \/>\n<meta property=\"article:publisher\" content=\"https:\/\/www.facebook.com\/verjasnm\/\" \/>\n<meta property=\"article:modified_time\" content=\"2025-10-08T20:00:31+00:00\" \/>\n<meta property=\"og:image\" content=\"https:\/\/verjasnuevomileniopr.com\/wp-content\/uploads\/2024\/12\/cropped-logo-scaled-1.webp\" \/>\n\t<meta property=\"og:image:width\" content=\"512\" \/>\n\t<meta property=\"og:image:height\" content=\"512\" \/>\n\t<meta property=\"og:image:type\" content=\"image\/webp\" \/>\n<meta name=\"twitter:card\" content=\"summary_large_image\" \/>\n<meta name=\"twitter:label1\" content=\"Est. reading time\" \/>\n\t<meta name=\"twitter:data1\" content=\"1 minute\" \/>\n<script type=\"application\/ld+json\" class=\"yoast-schema-graph\">{\"@context\":\"https:\\\/\\\/schema.org\",\"@graph\":[{\"@type\":\"WebPage\",\"@id\":\"https:\\\/\\\/verjasnuevomileniopr.com\\\/contacto\\\/\",\"url\":\"https:\\\/\\\/verjasnuevomileniopr.com\\\/contacto\\\/\",\"name\":\"Contacto | Verjas Nuevo Milenio | Puerto Rico\",\"isPartOf\":{\"@id\":\"https:\\\/\\\/verjasnuevomileniopr.com\\\/#website\"},\"primaryImageOfPage\":{\"@id\":\"https:\\\/\\\/verjasnuevomileniopr.com\\\/contacto\\\/#primaryimage\"},\"image\":{\"@id\":\"https:\\\/\\\/verjasnuevomileniopr.com\\\/contacto\\\/#primaryimage\"},\"thumbnailUrl\":\"https:\\\/\\\/verjasnuevomileniopr.com\\\/wp-content\\\/uploads\\\/2024\\\/12\\\/cropped-logo-scaled-1.webp\",\"datePublished\":\"2024-12-09T22:29:20+00:00\",\"dateModified\":\"2025-10-08T20:00:31+00:00\",\"description\":\"Verjas Nuevo Milenio, Inc. es una empresa de cercas dedicada al dise\u00f1o e instalaci\u00f3n de cercas y productos relacionados\",\"breadcrumb\":{\"@id\":\"https:\\\/\\\/verjasnuevomileniopr.com\\\/contacto\\\/#breadcrumb\"},\"inLanguage\":\"en-US\",\"potentialAction\":[{\"@type\":\"ReadAction\",\"target\":[\"https:\\\/\\\/verjasnuevomileniopr.com\\\/contacto\\\/\"]}]},{\"@type\":\"ImageObject\",\"inLanguage\":\"en-US\",\"@id\":\"https:\\\/\\\/verjasnuevomileniopr.com\\\/contacto\\\/#primaryimage\",\"url\":\"https:\\\/\\\/verjasnuevomileniopr.com\\\/wp-content\\\/uploads\\\/2024\\\/12\\\/cropped-logo-scaled-1.webp\",\"contentUrl\":\"https:\\\/\\\/verjasnuevomileniopr.com\\\/wp-content\\\/uploads\\\/2024\\\/12\\\/cropped-logo-scaled-1.webp\",\"width\":512,\"height\":512,\"caption\":\"Fences - Verjas Nuevo Milenio\"},{\"@type\":\"BreadcrumbList\",\"@id\":\"https:\\\/\\\/verjasnuevomileniopr.com\\\/contacto\\\/#breadcrumb\",\"itemListElement\":[{\"@type\":\"ListItem\",\"position\":1,\"name\":\"Home\",\"item\":\"https:\\\/\\\/verjasnuevomileniopr.com\\\/\"},{\"@type\":\"ListItem\",\"position\":2,\"name\":\"Contacto\"}]},{\"@type\":\"WebSite\",\"@id\":\"https:\\\/\\\/verjasnuevomileniopr.com\\\/#website\",\"url\":\"https:\\\/\\\/verjasnuevomileniopr.com\\\/\",\"name\":\"Verjas Nuevo Milenio\",\"description\":\"Fences\",\"publisher\":{\"@id\":\"https:\\\/\\\/verjasnuevomileniopr.com\\\/#organization\"},\"alternateName\":\"Verjas Nuevo Milenio\",\"potentialAction\":[{\"@type\":\"SearchAction\",\"target\":{\"@type\":\"EntryPoint\",\"urlTemplate\":\"https:\\\/\\\/verjasnuevomileniopr.com\\\/?s={search_term_string}\"},\"query-input\":{\"@type\":\"PropertyValueSpecification\",\"valueRequired\":true,\"valueName\":\"search_term_string\"}}],\"inLanguage\":\"en-US\"},{\"@type\":\"Organization\",\"@id\":\"https:\\\/\\\/verjasnuevomileniopr.com\\\/#organization\",\"name\":\"Verjas Nuevo Milenio\",\"alternateName\":\"Verjas Nuevo Milenio\",\"url\":\"https:\\\/\\\/verjasnuevomileniopr.com\\\/\",\"logo\":{\"@type\":\"ImageObject\",\"inLanguage\":\"en-US\",\"@id\":\"https:\\\/\\\/verjasnuevomileniopr.com\\\/#\\\/schema\\\/logo\\\/image\\\/\",\"url\":\"https:\\\/\\\/verjasnuevomileniopr.com\\\/wp-content\\\/uploads\\\/2024\\\/12\\\/cropped-logo-scaled-1.webp\",\"contentUrl\":\"https:\\\/\\\/verjasnuevomileniopr.com\\\/wp-content\\\/uploads\\\/2024\\\/12\\\/cropped-logo-scaled-1.webp\",\"width\":512,\"height\":512,\"caption\":\"Verjas Nuevo Milenio\"},\"image\":{\"@id\":\"https:\\\/\\\/verjasnuevomileniopr.com\\\/#\\\/schema\\\/logo\\\/image\\\/\"},\"sameAs\":[\"https:\\\/\\\/www.facebook.com\\\/verjasnm\\\/\"]}]}<\/script>\n<!-- \/ Yoast SEO plugin. -->","yoast_head_json":{"title":"Contacto | Verjas Nuevo Milenio | Puerto Rico","description":"Verjas Nuevo Milenio, Inc. es una empresa de cercas dedicada al dise\u00f1o e instalaci\u00f3n de cercas y productos relacionados","robots":{"index":"index","follow":"follow","max-snippet":"max-snippet:-1","max-image-preview":"max-image-preview:large","max-video-preview":"max-video-preview:-1"},"canonical":"https:\/\/verjasnuevomileniopr.com\/en\/contacto\/","og_locale":"en_US","og_type":"article","og_title":"Contacto | Verjas Nuevo Milenio | Puerto Rico","og_description":"Verjas Nuevo Milenio, Inc. es una empresa de cercas dedicada al dise\u00f1o e instalaci\u00f3n de cercas y productos relacionados","og_url":"https:\/\/verjasnuevomileniopr.com\/en\/contacto\/","og_site_name":"Verjas Nuevo Milenio","article_publisher":"https:\/\/www.facebook.com\/verjasnm\/","article_modified_time":"2025-10-08T20:00:31+00:00","og_image":[{"width":512,"height":512,"url":"https:\/\/verjasnuevomileniopr.com\/wp-content\/uploads\/2024\/12\/cropped-logo-scaled-1.webp","type":"image\/webp"}],"twitter_card":"summary_large_image","twitter_misc":{"Est. reading time":"1 minute"},"schema":{"@context":"https:\/\/schema.org","@graph":[{"@type":"WebPage","@id":"https:\/\/verjasnuevomileniopr.com\/contacto\/","url":"https:\/\/verjasnuevomileniopr.com\/contacto\/","name":"Contacto | Verjas Nuevo Milenio | Puerto Rico","isPartOf":{"@id":"https:\/\/verjasnuevomileniopr.com\/#website"},"primaryImageOfPage":{"@id":"https:\/\/verjasnuevomileniopr.com\/contacto\/#primaryimage"},"image":{"@id":"https:\/\/verjasnuevomileniopr.com\/contacto\/#primaryimage"},"thumbnailUrl":"https:\/\/verjasnuevomileniopr.com\/wp-content\/uploads\/2024\/12\/cropped-logo-scaled-1.webp","datePublished":"2024-12-09T22:29:20+00:00","dateModified":"2025-10-08T20:00:31+00:00","description":"Verjas Nuevo Milenio, Inc. es una empresa de cercas dedicada al dise\u00f1o e instalaci\u00f3n de cercas y productos relacionados","breadcrumb":{"@id":"https:\/\/verjasnuevomileniopr.com\/contacto\/#breadcrumb"},"inLanguage":"en-US","potentialAction":[{"@type":"ReadAction","target":["https:\/\/verjasnuevomileniopr.com\/contacto\/"]}]},{"@type":"ImageObject","inLanguage":"en-US","@id":"https:\/\/verjasnuevomileniopr.com\/contacto\/#primaryimage","url":"https:\/\/verjasnuevomileniopr.com\/wp-content\/uploads\/2024\/12\/cropped-logo-scaled-1.webp","contentUrl":"https:\/\/verjasnuevomileniopr.com\/wp-content\/uploads\/2024\/12\/cropped-logo-scaled-1.webp","width":512,"height":512,"caption":"Fences - Verjas Nuevo Milenio"},{"@type":"BreadcrumbList","@id":"https:\/\/verjasnuevomileniopr.com\/contacto\/#breadcrumb","itemListElement":[{"@type":"ListItem","position":1,"name":"Home","item":"https:\/\/verjasnuevomileniopr.com\/"},{"@type":"ListItem","position":2,"name":"Contacto"}]},{"@type":"WebSite","@id":"https:\/\/verjasnuevomileniopr.com\/#website","url":"https:\/\/verjasnuevomileniopr.com\/","name":"Verjas Nuevo Milenio","description":"Fences","publisher":{"@id":"https:\/\/verjasnuevomileniopr.com\/#organization"},"alternateName":"Verjas Nuevo Milenio","potentialAction":[{"@type":"SearchAction","target":{"@type":"EntryPoint","urlTemplate":"https:\/\/verjasnuevomileniopr.com\/?s={search_term_string}"},"query-input":{"@type":"PropertyValueSpecification","valueRequired":true,"valueName":"search_term_string"}}],"inLanguage":"en-US"},{"@type":"Organization","@id":"https:\/\/verjasnuevomileniopr.com\/#organization","name":"Verjas Nuevo Milenio","alternateName":"Verjas Nuevo Milenio","url":"https:\/\/verjasnuevomileniopr.com\/","logo":{"@type":"ImageObject","inLanguage":"en-US","@id":"https:\/\/verjasnuevomileniopr.com\/#\/schema\/logo\/image\/","url":"https:\/\/verjasnuevomileniopr.com\/wp-content\/uploads\/2024\/12\/cropped-logo-scaled-1.webp","contentUrl":"https:\/\/verjasnuevomileniopr.com\/wp-content\/uploads\/2024\/12\/cropped-logo-scaled-1.webp","width":512,"height":512,"caption":"Verjas Nuevo Milenio"},"image":{"@id":"https:\/\/verjasnuevomileniopr.com\/#\/schema\/logo\/image\/"},"sameAs":["https:\/\/www.facebook.com\/verjasnm\/"]}]}},"_links":{"self":[{"href":"https:\/\/verjasnuevomileniopr.com\/en\/wp-json\/wp\/v2\/pages\/60","targetHints":{"allow":["GET"]}}],"collection":[{"href":"https:\/\/verjasnuevomileniopr.com\/en\/wp-json\/wp\/v2\/pages"}],"about":[{"href":"https:\/\/verjasnuevomileniopr.com\/en\/wp-json\/wp\/v2\/types\/page"}],"author":[{"embeddable":true,"href":"https:\/\/verjasnuevomileniopr.com\/en\/wp-json\/wp\/v2\/users\/1"}],"replies":[{"embeddable":true,"href":"https:\/\/verjasnuevomileniopr.com\/en\/wp-json\/wp\/v2\/comments?post=60"}],"version-history":[{"count":161,"href":"https:\/\/verjasnuevomileniopr.com\/en\/wp-json\/wp\/v2\/pages\/60\/revisions"}],"predecessor-version":[{"id":2224,"href":"https:\/\/verjasnuevomileniopr.com\/en\/wp-json\/wp\/v2\/pages\/60\/revisions\/2224"}],"wp:featuredmedia":[{"embeddable":true,"href":"https:\/\/verjasnuevomileniopr.com\/en\/wp-json\/wp\/v2\/media\/83"}],"wp:attachment":[{"href":"https:\/\/verjasnuevomileniopr.com\/en\/wp-json\/wp\/v2\/media?parent=60"}],"curies":[{"name":"wp","href":"https:\/\/api.w.org\/{rel}","templated":true}]}}